{"id":83,"date":"2020-08-04T13:39:34","date_gmt":"2020-08-04T11:39:34","guid":{"rendered":"http:\/\/htv-nk.de\/wordpress\/?page_id=83"},"modified":"2023-06-07T17:36:51","modified_gmt":"2023-06-07T15:36:51","slug":"beitraege","status":"publish","type":"page","link":"https:\/\/htv-nk.de\/index.php\/beitraege\/","title":{"rendered":"Beitr\u00e4ge"},"content":{"rendered":"\n\t\t\t<div class=\"wp-block-uagb-post-grid uagb-post-grid  uagb-post__image-position-top uagb-post__image-enabled uagb-block-1306383b     uagb-post__items uagb-post__columns-1 is-grid uagb-post__columns-tablet-2 uagb-post__columns-mobile-1 uagb-post__equal-height\" data-total=\"1\" style=\"\">\n\n\t\t\t\t\t\t\t\t\t\t\t\t<article class=\"uagb-post__inner-wrap\">\t\t\t\t\t\t\t\t<h4 class=\"uagb-post__title uagb-post__text\">\n\t\t\t\t<a href=\"https:\/\/htv-nk.de\/index.php\/2026\/01\/30\/rockenstubn-2026\/\" target=\"_self\" rel=\"bookmark noopener noreferrer\">Rockenstubn 2026<\/a>\n\t\t\t<\/h4>\n\t\t\t\t\t\t<div class='uagb-post__text uagb-post-grid-byline'>\n\t\t\t\t\t\t\t\t<time datetime=\"2026-01-30T21:03:00+01:00\" class=\"uagb-post__date\">\n\t\t\t\t<span class=\"dashicons-calendar dashicons\"><\/span>\t\t\t\t\t30. Januar 2026\t\t\t\t<\/time>\n\t\t\t\t\t\t<\/div>\n\t\t\t\t\t\t\t<div class='uagb-post__text uagb-post__excerpt'>\n\t\t\t\t\t<p>Am 23. Januar 2026 fand traditionsgem\u00e4\u00df unsere &#8222;Rockenstubn&#8220; im Zehntspeicher in Neunkirchen am Brand statt. Musikalisch umrahmt wurde der Abend in gewohnter Weise von den &#8222;Neunkirchner Brauhaus Musikanten&#8220;, wobei die z\u00fcnftige Musik immer wieder zum Tanzen einlud. Zwischendurch gab es immer wieder Einlagen zu genie\u00dfen. Zuerst sang die &#8222;Singgruppe Bahnhof&#8230;\t\t\t\t<\/div>\n\t\t\t\t\t\t<div class=\"uagb-post__text uagb-post__cta wp-block-button\">\n\t\t\t\t<a class=\"wp-block-button__link uagb-text-link\" style=\"\" href=\"https:\/\/htv-nk.de\/index.php\/2026\/01\/30\/rockenstubn-2026\/\" target=\"_self\" rel=\"bookmark noopener noreferrer\">Weiterlesen<\/a>\n\t\t\t<\/div>\n\t\t\t\n\t\t\t\t\t\t\t\t\t<\/article>\n\t\t\t\t\t\t\t\t\t\t\t\t\t\t\t\t<article class=\"uagb-post__inner-wrap\">\t\t\t\t\t\t\t\t<h4 class=\"uagb-post__title uagb-post__text\">\n\t\t\t\t<a href=\"https:\/\/htv-nk.de\/index.php\/2025\/12\/29\/zuwendung-der-sparkasse-forchheim\/\" target=\"_self\" rel=\"bookmark noopener noreferrer\">Zuwendung der Sparkasse Forchheim<\/a>\n\t\t\t<\/h4>\n\t\t\t\t\t\t<div class='uagb-post__text uagb-post-grid-byline'>\n\t\t\t\t\t\t\t\t<time datetime=\"2025-12-29T12:48:58+01:00\" class=\"uagb-post__date\">\n\t\t\t\t<span class=\"dashicons-calendar dashicons\"><\/span>\t\t\t\t\t29. Dezember 2025\t\t\t\t<\/time>\n\t\t\t\t\t\t<\/div>\n\t\t\t\t\t\t\t<div class='uagb-post__text uagb-post__excerpt'>\n\t\t\t\t\t<p>Der Heimat- und Trachtenverein Neunkirchen am Brand e.V. stellte im Jahr 2025 einen F\u00f6rderantrag an die Zukunftsstiftung der Sparkasse Forchheim zur Unterst\u00fctzung bei der Renovierung des &#8222;Alten Bahnhofs&#8220; mit Museum. In der Kuratoriumssitzung 2025 des Stiftungsvorstandes wurde f\u00fcr das Projekt Renovierung eine Zuwendung beschlossen. Der Vorstand in Person von Anita&#8230;\t\t\t\t<\/div>\n\t\t\t\t\t\t<div class=\"uagb-post__text uagb-post__cta wp-block-button\">\n\t\t\t\t<a class=\"wp-block-button__link uagb-text-link\" style=\"\" href=\"https:\/\/htv-nk.de\/index.php\/2025\/12\/29\/zuwendung-der-sparkasse-forchheim\/\" target=\"_self\" rel=\"bookmark noopener noreferrer\">Weiterlesen<\/a>\n\t\t\t<\/div>\n\t\t\t\n\t\t\t\t\t\t\t\t\t<\/article>\n\t\t\t\t\t\t\t\t\t\t\t\t\t\t\t\t<article class=\"uagb-post__inner-wrap\">\t\t\t\t\t\t\t\t<h4 class=\"uagb-post__title uagb-post__text\">\n\t\t\t\t<a href=\"https:\/\/htv-nk.de\/index.php\/2025\/06\/17\/oberfraenkische-trachtenwallfahrt-2025\/\" target=\"_self\" rel=\"bookmark noopener noreferrer\">Oberfr\u00e4nkische Trachtenwallfahrt 2025<\/a>\n\t\t\t<\/h4>\n\t\t\t\t\t\t<div class='uagb-post__text uagb-post-grid-byline'>\n\t\t\t\t\t\t\t\t<time datetime=\"2025-06-17T21:00:17+02:00\" class=\"uagb-post__date\">\n\t\t\t\t<span class=\"dashicons-calendar dashicons\"><\/span>\t\t\t\t\t17. Juni 2025\t\t\t\t<\/time>\n\t\t\t\t\t\t<\/div>\n\t\t\t\t\t\t\t<div class='uagb-post__text uagb-post__excerpt'>\n\t\t\t\t\t<p>Am 25. Mai 2025 fand die diesj\u00e4hrige Trachtenwallfahrt des Trachtengaus Oberfranken statt. Leider musste diese wegen des dauerhaft schlechten Wetters stark abgek\u00fcrzt werden, so dass ein Teil der Wallfahrt in der Kirche St. Michael abgehalten wurde. Der anschlie\u00dfende Gottesdienst fand dann, wie geplant, statt. Neben dem Heimat- und Trachtenverein Neunkirchen&#8230;\t\t\t\t<\/div>\n\t\t\t\t\t\t<div class=\"uagb-post__text uagb-post__cta wp-block-button\">\n\t\t\t\t<a class=\"wp-block-button__link uagb-text-link\" style=\"\" href=\"https:\/\/htv-nk.de\/index.php\/2025\/06\/17\/oberfraenkische-trachtenwallfahrt-2025\/\" target=\"_self\" rel=\"bookmark noopener noreferrer\">Weiterlesen<\/a>\n\t\t\t<\/div>\n\t\t\t\n\t\t\t\t\t\t\t\t\t<\/article>\n\t\t\t\t\t\t\t\t\t\t\t\t\t\t\t\t<article class=\"uagb-post__inner-wrap\">\t\t\t\t\t\t\t\t<h4 class=\"uagb-post__title uagb-post__text\">\n\t\t\t\t<a href=\"https:\/\/htv-nk.de\/index.php\/2025\/05\/11\/jahreshauptversammlung-2025\/\" target=\"_self\" rel=\"bookmark noopener noreferrer\">Jahreshauptversammlung 2025<\/a>\n\t\t\t<\/h4>\n\t\t\t\t\t\t<div class='uagb-post__text uagb-post-grid-byline'>\n\t\t\t\t\t\t\t\t<time datetime=\"2025-05-11T12:48:52+02:00\" class=\"uagb-post__date\">\n\t\t\t\t<span class=\"dashicons-calendar dashicons\"><\/span>\t\t\t\t\t11. Mai 2025\t\t\t\t<\/time>\n\t\t\t\t\t\t<\/div>\n\t\t\t\t\t\t\t<div class='uagb-post__text uagb-post__excerpt'>\n\t\t\t\t\t<p>Die j\u00e4hrliche Hauptversammlung mit Neuwahlen des Vorstands fand heuer am 5. Mai 2025, wie gewohnt, im Gasthaus &#8222;B\u00fcrgerstuben&#8220; statt.Die Begr\u00fc\u00dfung erfolgte durch die 1. Vorsitzende Christine Schmitt, gefolgt von einer \u00dcbersicht \u00fcber das Gesch\u00e4ftsjahr 2024 und die T\u00e4tigkeiten der jeweiligen Arbeitsbereichsleiter.Anschlie\u00dfend fand die vorgesehene Vorstandswahl statt, bei der Anita Heidig&#8230;\t\t\t\t<\/div>\n\t\t\t\t\t\t<div class=\"uagb-post__text uagb-post__cta wp-block-button\">\n\t\t\t\t<a class=\"wp-block-button__link uagb-text-link\" style=\"\" href=\"https:\/\/htv-nk.de\/index.php\/2025\/05\/11\/jahreshauptversammlung-2025\/\" target=\"_self\" rel=\"bookmark noopener noreferrer\">Weiterlesen<\/a>\n\t\t\t<\/div>\n\t\t\t\n\t\t\t\t\t\t\t\t\t<\/article>\n\t\t\t\t\t\t\t\t\t\t\t\t\t\t\t\t<article class=\"uagb-post__inner-wrap\">\t\t\t\t\t\t\t\t<h4 class=\"uagb-post__title uagb-post__text\">\n\t\t\t\t<a href=\"https:\/\/htv-nk.de\/index.php\/2025\/03\/18\/rockenstubn-2025\/\" target=\"_self\" rel=\"bookmark noopener noreferrer\">Rockenstubn 2025<\/a>\n\t\t\t<\/h4>\n\t\t\t\t\t\t<div class='uagb-post__text uagb-post-grid-byline'>\n\t\t\t\t\t\t\t\t<time datetime=\"2025-03-18T12:14:14+01:00\" class=\"uagb-post__date\">\n\t\t\t\t<span class=\"dashicons-calendar dashicons\"><\/span>\t\t\t\t\t18. M\u00e4rz 2025\t\t\t\t<\/time>\n\t\t\t\t\t\t<\/div>\n\t\t\t\t\t\t\t<div class='uagb-post__text uagb-post__excerpt'>\n\t\t\t\t\t<p>Am Freitag, den 24.01.2025, fand die j\u00e4hrliche \u201eRockenstubn\u201c des Heimat- und Trachtenvereins Neunkirchen am Brand e.V.&nbsp; im \u201eZehntspeicher\u201c statt. Die \u201eBrauhaus-Musikanten\u201c lieferten mit ihrem abwechslungsreichen Repertoire den idealen Rahmen f\u00fcr alle Tanzbegeisterten und Zuh\u00f6rer. Weiterhin wurde der Abend aufgelockert durch die Tanzgruppe des Musik- und Trachtenvereins Igensdorf sowie eines von&#8230;\t\t\t\t<\/div>\n\t\t\t\t\t\t<div class=\"uagb-post__text uagb-post__cta wp-block-button\">\n\t\t\t\t<a class=\"wp-block-button__link uagb-text-link\" style=\"\" href=\"https:\/\/htv-nk.de\/index.php\/2025\/03\/18\/rockenstubn-2025\/\" target=\"_self\" rel=\"bookmark noopener noreferrer\">Weiterlesen<\/a>\n\t\t\t<\/div>\n\t\t\t\n\t\t\t\t\t\t\t\t\t<\/article>\n\t\t\t\t\t\t\t\t\t\t\t\t\t\t\t\t<article class=\"uagb-post__inner-wrap\">\t\t\t\t\t\t\t\t<h4 class=\"uagb-post__title uagb-post__text\">\n\t\t\t\t<a href=\"https:\/\/htv-nk.de\/index.php\/2024\/09\/30\/erntedankfest-2024\/\" target=\"_self\" rel=\"bookmark noopener noreferrer\">Erntedankfest 2024<\/a>\n\t\t\t<\/h4>\n\t\t\t\t\t\t<div class='uagb-post__text uagb-post-grid-byline'>\n\t\t\t\t\t\t\t\t<time datetime=\"2024-09-30T21:24:05+02:00\" class=\"uagb-post__date\">\n\t\t\t\t<span class=\"dashicons-calendar dashicons\"><\/span>\t\t\t\t\t30. September 2024\t\t\t\t<\/time>\n\t\t\t\t\t\t<\/div>\n\t\t\t\t\t\t\t<div class='uagb-post__text uagb-post__excerpt'>\n\t\t\t\t\t<p>Da am eigentlichen Erntedankfest bekanntlich unsere Kerwa stattfindet, wurde auch heuer wieder eine Woche fr\u00fcher, am 29. September 2024, gefeiert. Vom Treffpunkt an der Grundschule ging es mit Musikbegleitung der Jugend- und Trachtenkapelle Neunkirchen am Brand zur Kirche St. Michael. Hier fand mit den Trachtlern des Heimat-und Trachtenvereins Neunkirchen am&#8230;\t\t\t\t<\/div>\n\t\t\t\t\t\t<div class=\"uagb-post__text uagb-post__cta wp-block-button\">\n\t\t\t\t<a class=\"wp-block-button__link uagb-text-link\" style=\"\" href=\"https:\/\/htv-nk.de\/index.php\/2024\/09\/30\/erntedankfest-2024\/\" target=\"_self\" rel=\"bookmark noopener noreferrer\">Weiterlesen<\/a>\n\t\t\t<\/div>\n\t\t\t\n\t\t\t\t\t\t\t\t\t<\/article>\n\t\t\t\t\t\t\t\t\t\t\t\t\t\t\t\t<article class=\"uagb-post__inner-wrap\">\t\t\t\t\t\t\t\t<h4 class=\"uagb-post__title uagb-post__text\">\n\t\t\t\t<a href=\"https:\/\/htv-nk.de\/index.php\/2024\/09\/15\/mariae-himmelfahrt\/\" target=\"_self\" rel=\"bookmark noopener noreferrer\">Mari\u00e4 Himmelfahrt<\/a>\n\t\t\t<\/h4>\n\t\t\t\t\t\t<div class='uagb-post__text uagb-post-grid-byline'>\n\t\t\t\t\t\t\t\t<time datetime=\"2024-09-15T19:26:59+02:00\" class=\"uagb-post__date\">\n\t\t\t\t<span class=\"dashicons-calendar dashicons\"><\/span>\t\t\t\t\t15. September 2024\t\t\t\t<\/time>\n\t\t\t\t\t\t<\/div>\n\t\t\t\t\t\t\t<div class='uagb-post__text uagb-post__excerpt'>\n\t\t\t\t\t<p>Wie jedes Jahr im August, so wurden auch heuer im Jahre 2024 Wurzb\u00fcschel f\u00fcr die Kr\u00e4uterweihe an Mari\u00e4 Himmelfahrt gebunden.Ein Wurzb\u00fcschel ist ein Strau\u00df aus Kr\u00e4utern, Wurzeln und Blumen, dessen Naturkr\u00e4fte mit Gottes Hilfe durch die Kr\u00e4uterweihe f\u00fcr die Menschen nutzbar gemacht werden sollen.Im fr\u00fcheren Volksglauben dienten Wurzb\u00fcschel zur Abwehr&#8230;\t\t\t\t<\/div>\n\t\t\t\t\t\t<div class=\"uagb-post__text uagb-post__cta wp-block-button\">\n\t\t\t\t<a class=\"wp-block-button__link uagb-text-link\" style=\"\" href=\"https:\/\/htv-nk.de\/index.php\/2024\/09\/15\/mariae-himmelfahrt\/\" target=\"_self\" rel=\"bookmark noopener noreferrer\">Weiterlesen<\/a>\n\t\t\t<\/div>\n\t\t\t\n\t\t\t\t\t\t\t\t\t<\/article>\n\t\t\t\t\t\t\t\t\t\t\t\t\t\t\t\t<article class=\"uagb-post__inner-wrap\">\t\t\t\t\t\t\t\t<h4 class=\"uagb-post__title uagb-post__text\">\n\t\t\t\t<a href=\"https:\/\/htv-nk.de\/index.php\/2024\/05\/13\/jahreshauptversammlung-2024\/\" target=\"_self\" rel=\"bookmark noopener noreferrer\">Jahreshauptversammlung 2024<\/a>\n\t\t\t<\/h4>\n\t\t\t\t\t\t<div class='uagb-post__text uagb-post-grid-byline'>\n\t\t\t\t\t\t\t\t<time datetime=\"2024-05-13T18:36:19+02:00\" class=\"uagb-post__date\">\n\t\t\t\t<span class=\"dashicons-calendar dashicons\"><\/span>\t\t\t\t\t13. Mai 2024\t\t\t\t<\/time>\n\t\t\t\t\t\t<\/div>\n\t\t\t\t\t\t\t<div class='uagb-post__text uagb-post__excerpt'>\n\t\t\t\t\t<p>Am 6. Mai 2024 fand die Jahreshauptversammlung des Heimat- und Trachtenvereins im Gasthof &#8222;B\u00fcrgerstuben&#8220; in Neunkirchen statt. Nach der Begr\u00fc\u00dfung durch die 1. Vorsitzende Christine Schmitt und den Berichten der einzelnen Vorstandsmitglieder wurden im Anschluss einige Mitglieder f\u00fcr 20, 25, 30 und 40 Jahre Mitgliedschaft geehrt.<\/p>\n\t\t\t\t<\/div>\n\t\t\t\t\t\t<div class=\"uagb-post__text uagb-post__cta wp-block-button\">\n\t\t\t\t<a class=\"wp-block-button__link uagb-text-link\" style=\"\" href=\"https:\/\/htv-nk.de\/index.php\/2024\/05\/13\/jahreshauptversammlung-2024\/\" target=\"_self\" rel=\"bookmark noopener noreferrer\">Weiterlesen<\/a>\n\t\t\t<\/div>\n\t\t\t\n\t\t\t\t\t\t\t\t\t<\/article>\n\t\t\t\t\t\t\t\t\t\t\t\t\t\t\t\t<article class=\"uagb-post__inner-wrap\">\t\t\t\t\t\t\t\t<h4 class=\"uagb-post__title uagb-post__text\">\n\t\t\t\t<a href=\"https:\/\/htv-nk.de\/index.php\/2023\/10\/08\/neues-auf-der-website\/\" target=\"_self\" rel=\"bookmark noopener noreferrer\">Neues auf der Website<\/a>\n\t\t\t<\/h4>\n\t\t\t\t\t\t<div class='uagb-post__text uagb-post-grid-byline'>\n\t\t\t\t\t\t\t\t<time datetime=\"2023-10-08T19:50:23+02:00\" class=\"uagb-post__date\">\n\t\t\t\t<span class=\"dashicons-calendar dashicons\"><\/span>\t\t\t\t\t8. Oktober 2023\t\t\t\t<\/time>\n\t\t\t\t\t\t<\/div>\n\t\t\t\t\t\t\t<div class='uagb-post__text uagb-post__excerpt'>\n\t\t\t\t\t<p>Es gibt neue Bilder auf der Website zu entdecken.Einfach mal in den Bildergalerien st\u00f6bern. F\u00fcr alle Interessierten an einer Mitgliedschaft im Verein gibt es nun die M\u00f6glichkeit, eine Beitrittserkl\u00e4rung und die Satzung herunterzuladen.Die Links dazu findet man auf der Unterseite &#8222;Unser Verein&#8220;.<\/p>\n\t\t\t\t<\/div>\n\t\t\t\t\t\t<div class=\"uagb-post__text uagb-post__cta wp-block-button\">\n\t\t\t\t<a class=\"wp-block-button__link uagb-text-link\" style=\"\" href=\"https:\/\/htv-nk.de\/index.php\/2023\/10\/08\/neues-auf-der-website\/\" target=\"_self\" rel=\"bookmark noopener noreferrer\">Weiterlesen<\/a>\n\t\t\t<\/div>\n\t\t\t\n\t\t\t\t\t\t\t\t\t<\/article>\n\t\t\t\t\t\t\t\t\t\t\t\t\t\t\t\t<article class=\"uagb-post__inner-wrap\">\t\t\t\t\t\t\t\t<h4 class=\"uagb-post__title uagb-post__text\">\n\t\t\t\t<a href=\"https:\/\/htv-nk.de\/index.php\/2019\/03\/14\/hallo-welt\/\" target=\"_self\" rel=\"bookmark noopener noreferrer\">Willkommen auf unserer Homepage<\/a>\n\t\t\t<\/h4>\n\t\t\t\t\t\t<div class='uagb-post__text uagb-post-grid-byline'>\n\t\t\t\t\t\t\t\t<time datetime=\"2019-03-14T23:50:27+01:00\" class=\"uagb-post__date\">\n\t\t\t\t<span class=\"dashicons-calendar dashicons\"><\/span>\t\t\t\t\t14. M\u00e4rz 2019\t\t\t\t<\/time>\n\t\t\t\t\t\t<\/div>\n\t\t\t\t\t\t\t<div class='uagb-post__text uagb-post__excerpt'>\n\t\t\t\t\t<p>Willkommen beim Heimat- und Trachtenverein Neunkirchen am Brand.<\/p>\n\t\t\t\t<\/div>\n\t\t\t\t\t\t<div class=\"uagb-post__text uagb-post__cta wp-block-button\">\n\t\t\t\t<a class=\"wp-block-button__link uagb-text-link\" style=\"\" href=\"https:\/\/htv-nk.de\/index.php\/2019\/03\/14\/hallo-welt\/\" target=\"_self\" rel=\"bookmark noopener noreferrer\">Weiterlesen<\/a>\n\t\t\t<\/div>\n\t\t\t\n\t\t\t\t\t\t\t\t\t<\/article>\n\t\t\t\t\t\t\t\t\t\t\t<\/div>\n\t\t\t","protected":false},"excerpt":{"rendered":"","protected":false},"author":2,"featured_media":0,"parent":0,"menu_order":0,"comment_status":"closed","ping_status":"closed","template":"","meta":{"_editorskit_title_hidden":true,"_editorskit_reading_time":1,"_editorskit_is_block_options_detached":false,"_editorskit_block_options_position":"{}","_uag_custom_page_level_css":"","_EventAllDay":false,"_EventTimezone":"","_EventStartDate":"","_EventEndDate":"","_EventStartDateUTC":"","_EventEndDateUTC":"","_EventShowMap":false,"_EventShowMapLink":false,"_EventURL":"","_EventCost":"","_EventCostDescription":"","_EventCurrencySymbol":"","_EventCurrencyCode":"","_EventCurrencyPosition":"","_EventDateTimeSeparator":"","_EventTimeRangeSeparator":"","_EventOrganizerID":[],"_EventVenueID":[0],"_OrganizerEmail":"","_OrganizerPhone":"","_OrganizerWebsite":"","_VenueAddress":"","_VenueCity":"","_VenueCountry":"","_VenueProvince":"","_VenueState":"","_VenueZip":"","_VenuePhone":"","_VenueURL":"","_VenueStateProvince":"","_VenueLat":"","_VenueLng":"","_VenueShowMap":false,"_VenueShowMapLink":false,"footnotes":""},"class_list":["post-83","page","type-page","status-publish","hentry"],"uagb_featured_image_src":{"full":false,"thumbnail":false,"medium":false,"medium_large":false,"large":false,"1536x1536":false,"2048x2048":false,"primer-featured":false,"primer-hero":false},"uagb_author_info":{"display_name":"","author_link":"https:\/\/htv-nk.de\/index.php\/author\/"},"uagb_comment_info":0,"uagb_excerpt":null,"_links":{"self":[{"href":"https:\/\/htv-nk.de\/index.php\/wp-json\/wp\/v2\/pages\/83","targetHints":{"allow":["GET"]}}],"collection":[{"href":"https:\/\/htv-nk.de\/index.php\/wp-json\/wp\/v2\/pages"}],"about":[{"href":"https:\/\/htv-nk.de\/index.php\/wp-json\/wp\/v2\/types\/page"}],"author":[{"embeddable":true,"href":"https:\/\/htv-nk.de\/index.php\/wp-json\/wp\/v2\/users\/2"}],"replies":[{"embeddable":true,"href":"https:\/\/htv-nk.de\/index.php\/wp-json\/wp\/v2\/comments?post=83"}],"version-history":[{"count":3,"href":"https:\/\/htv-nk.de\/index.php\/wp-json\/wp\/v2\/pages\/83\/revisions"}],"predecessor-version":[{"id":440,"href":"https:\/\/htv-nk.de\/index.php\/wp-json\/wp\/v2\/pages\/83\/revisions\/440"}],"wp:attachment":[{"href":"https:\/\/htv-nk.de\/index.php\/wp-json\/wp\/v2\/media?parent=83"}],"curies":[{"name":"wp","href":"https:\/\/api.w.org\/{rel}","templated":true}]}}