{"id":21,"date":"2019-08-14T19:05:29","date_gmt":"2019-08-14T17:05:29","guid":{"rendered":"http:\/\/htv-nk.de\/wordpress\/?page_id=21"},"modified":"2024-01-22T17:14:36","modified_gmt":"2024-01-22T16:14:36","slug":"bahnhof","status":"publish","type":"page","link":"https:\/\/htv-nk.de\/index.php\/bahnhof\/","title":{"rendered":"Unser &#8222;Alter Bahnhof&#8220;"},"content":{"rendered":"\n<hr class=\"wp-block-separator has-css-opacity\"\/>\n\n\n\n<p class=\"has-text-align-center has-text-color has-background\" style=\"color:#7c1216;background-color:#e6d5bc;font-size:18px\"><strong>Aktuell ist das Heimatmuseum wegen notwendiger Renovierungsarbeiten bis auf Weiteres geschlossen<\/strong>!<\/p>\n\n\n\n<hr class=\"wp-block-separator has-css-opacity\"\/>\n\n\n\n<figure class=\"wp-block-image size-large\"><img loading=\"lazy\" decoding=\"async\" width=\"1024\" height=\"768\" src=\"https:\/\/htv-nk.de\/wordpress\/wp-content\/uploads\/2019\/08\/20150612-20202-1024x768.jpg\" alt=\"\" class=\"wp-image-31\" srcset=\"https:\/\/htv-nk.de\/wp-content\/uploads\/2019\/08\/20150612-20202-1024x768.jpg 1024w, https:\/\/htv-nk.de\/wp-content\/uploads\/2019\/08\/20150612-20202-300x225.jpg 300w, https:\/\/htv-nk.de\/wp-content\/uploads\/2019\/08\/20150612-20202-768x576.jpg 768w, https:\/\/htv-nk.de\/wp-content\/uploads\/2019\/08\/20150612-20202-960x720.jpg 960w\" sizes=\"auto, (max-width: 1024px) 100vw, 1024px\" \/><figcaption class=\"wp-element-caption\">Luftaufnahme unseres Vereinsheims und Heimatmuseums &#8222;Alter Bahnhof&#8220;<\/figcaption><\/figure>\n\n\n\n<p><strong>Vereinsheim und Heimatmuseum Neunkirchen am Brand<\/strong><\/p>\n\n\n\n<p>Das Bahnhofgel\u00e4nde wurde in Neunkirchen am Brand im Jahr 1886 im Zuge der Errichtung der Bahnstrecke Erlangen &#8211; Gr\u00e4fenberg erbaut.<\/p>\n\n\n\n<p class=\"has-text-align-justify\">Als im Jahr 1964 die legend\u00e4re Bahnstrecke der &#8222;Seku&#8220; (Sekund\u00e4rbahn) stillgelegt wurde, hatte das Geb\u00e4ude seinen urspr\u00fcnglichen Sinn verloren.<br>Die Marktgemeinde benutzte das Untergescho\u00df als Unterkunft f\u00fcr den Bauhof; das Obergescho\u00df wurde an eine Familie vermietet, welche 1982 auszog. Im Zuge der Innerortsgestaltung \u00fcberlegte man 1983 den Abriss des Bahnhofsgeb\u00e4udes.<\/p>\n\n\n\n<p class=\"has-text-align-justify\">Der 1982 gegr\u00fcndete Heimat- und Trachtenverein Neunkirchen am Brand e.V. hat sich zum Ziel gesetzt, die heimische Tracht, den Gesang, den Volkstanz und das Brauchtum zu pflegen und zu erhalten. Hierzu geh\u00f6ren Ger\u00e4tschaften, W\u00e4sche, Porzellan, M\u00f6bel, Hausger\u00e4te, Bilder und vieles mehr aus vergangener Zeit.<br>Das Obergescho\u00df des Bahnhofsgeb\u00e4udes ist hierf\u00fcr ideal, um so eine Sammlung zu beherbergen.<\/p>\n\n\n\n<p class=\"has-text-align-justify\">Aus diesem Grund stellte der Heimat- und Trachtenverein Neunkirchen am Brand e.V. einen Antrag an die Marktgemeinde, das Geb\u00e4ude zu erhalten und dem Verein f\u00fcr seine historische Sammlung zu \u00fcberlassen. Diesem Antrag stimmte der Marktgemeinderat zu.<\/p>\n\n\n\n<p>Dank dem Einsatz vieler ehrenamtlicher Mitglieder des Vereins konnte der Umbau und die Renovierungsarbeiten im Obergescho\u00df abgeschlossen werden.<br>Dadurch entstand ein Versammlungsraum f\u00fcr Strickabende, Jugendarbeit, Theater- und Singproben sowie Vorstandsitzungen. Die Kosten f\u00fcr die Instandsetzung der oberen R\u00e4ume wurden durch den Heimat- und Trachtenverein Neunkirchen am Brand e.V. getragen.<\/p>\n\n\n\n<p>Als im Jahre 1997 der Bauhof  der Marktgemeinde Neunkirchen am Brand sein neues Domizil am Rande Neunkirchens bezog, stellte unser Verein&nbsp;&nbsp;an die Marktgemeinde einen erneuten Antrag auf die Nutzung der unteren R\u00e4ume des Bahnhofgeb\u00e4udes. Auch diesem Antrag wurde stattgegeben.<\/p>\n\n\n\n<p class=\"has-text-align-justify\">1988 stellte der Heimat- und Trachtenverein Neunkirchen am Brand e.V. einen Antrag, den &#8222;Alten Bahnhof&#8220; unter Denkmalschutz zu stellen &#8211; die Erhaltung alter Bauten geh\u00f6rt ebenso zur Heimatpflege. Der Neunkirchner Bahnhof ist das einzige vollkommen erhaltene Bahnhofsgel\u00e4nde an der Strecke Erlangen &#8211; Gr\u00e4fenberg.<\/p>\n\n\n\n<p class=\"has-text-align-justify\">Im Zuge der weiteren Renovierungsarbeiten wurde der ehemalige Schalter- und Warteraum im Erdgescho\u00df zu einem Gemeinschaftsraum mit K\u00fcchenzeile umgebaut und im Herbst 2008 fertig gestellt. <br>Im ehemaligen Lagerraum des Bahnhofs wurde ein kleiner Abstellraum belassen und des weiteren neue Toiletten eingebaut. Die Bauma\u00dfnahmen wurden im Fr\u00fchjahr 2009 abgeschlossen. <br>Im Jahre 2010 erfolgte die Renovierung des zweiten gro\u00dfen Raumes, welcher f\u00fcr Versammlungen und Feiern genutzt werden kann.<\/p>\n\n\n\n<p>Das Heimatmuseum im Obergescho\u00df konnte auf vier R\u00e4ume erweitert werden, hiervon ist ein Raum nur f\u00fcr eine Weihnachtskrippe vorgesehen.&nbsp;<\/p>\n\n\n\n<p class=\"has-text-align-justify\">Die notwendigen Arbeiten wurden wieder von unserem Verein \u00fcbernommen.<br>Hier gilt besonderer Dank unseren Mitgliedern Herbert Roth und Alfred Sander, welche \u00fcber Jahre fast t\u00e4glich im Bahnhof gearbeitet haben.<\/p>\n\n\n\n<p>Ein herzliches &#8222;Vergelt&#8217;s Gott!&#8220; auch allen anderen flei\u00dfigen H\u00e4nden, die es erm\u00f6glicht haben, dass wir so ein sch\u00f6nes Vereinsheim und Heimatmuseum umsetzen konnten.<\/p>\n\n\n\n<p><a aria-label=\" (opens in a new tab)\" href=\"https:\/\/museen.de\/museum-im-alten-bahnhof-neunkirchen-am-brand.html\" target=\"_blank\" rel=\"noreferrer noopener\" class=\"ek-link\">Das Heimatmuseum Neunkirchen am Brand bei &#8222;museen.de&#8220;<\/a><\/p>\n","protected":false},"excerpt":{"rendered":"<p>Aktuell ist das Heimatmuseum wegen notwendiger Renovierungsarbeiten bis auf Weiteres geschlossen! Vereinsheim und Heimatmuseum Neunkirchen am Brand Das Bahnhofgel\u00e4nde wurde&hellip;<\/p>\n","protected":false},"author":1,"featured_media":0,"parent":0,"menu_order":0,"comment_status":"closed","ping_status":"closed","template":"","meta":{"_editorskit_title_hidden":false,"_editorskit_reading_time":2,"_editorskit_is_block_options_detached":false,"_editorskit_block_options_position":"{}","_uag_custom_page_level_css":"","_EventAllDay":false,"_EventTimezone":"","_EventStartDate":"","_EventEndDate":"","_EventStartDateUTC":"","_EventEndDateUTC":"","_EventShowMap":false,"_EventShowMapLink":false,"_EventURL":"","_EventCost":"","_EventCostDescription":"","_EventCurrencySymbol":"","_EventCurrencyCode":"","_EventCurrencyPosition":"","_EventDateTimeSeparator":"","_EventTimeRangeSeparator":"","_EventOrganizerID":[],"_EventVenueID":[0],"_OrganizerEmail":"","_OrganizerPhone":"","_OrganizerWebsite":"","_VenueAddress":"","_VenueCity":"","_VenueCountry":"","_VenueProvince":"","_VenueState":"","_VenueZip":"","_VenuePhone":"","_VenueURL":"","_VenueStateProvince":"","_VenueLat":"","_VenueLng":"","_VenueShowMap":false,"_VenueShowMapLink":false,"footnotes":""},"class_list":["post-21","page","type-page","status-publish","hentry"],"uagb_featured_image_src":{"full":false,"thumbnail":false,"medium":false,"medium_large":false,"large":false,"1536x1536":false,"2048x2048":false,"primer-featured":false,"primer-hero":false},"uagb_author_info":{"display_name":"htv","author_link":"https:\/\/htv-nk.de\/index.php\/author\/htv\/"},"uagb_comment_info":0,"uagb_excerpt":"Aktuell ist das Heimatmuseum wegen notwendiger Renovierungsarbeiten bis auf Weiteres geschlossen! Vereinsheim und Heimatmuseum Neunkirchen am Brand Das Bahnhofgel\u00e4nde wurde&hellip;","_links":{"self":[{"href":"https:\/\/htv-nk.de\/index.php\/wp-json\/wp\/v2\/pages\/21","targetHints":{"allow":["GET"]}}],"collection":[{"href":"https:\/\/htv-nk.de\/index.php\/wp-json\/wp\/v2\/pages"}],"about":[{"href":"https:\/\/htv-nk.de\/index.php\/wp-json\/wp\/v2\/types\/page"}],"author":[{"embeddable":true,"href":"https:\/\/htv-nk.de\/index.php\/wp-json\/wp\/v2\/users\/1"}],"replies":[{"embeddable":true,"href":"https:\/\/htv-nk.de\/index.php\/wp-json\/wp\/v2\/comments?post=21"}],"version-history":[{"count":6,"href":"https:\/\/htv-nk.de\/index.php\/wp-json\/wp\/v2\/pages\/21\/revisions"}],"predecessor-version":[{"id":564,"href":"https:\/\/htv-nk.de\/index.php\/wp-json\/wp\/v2\/pages\/21\/revisions\/564"}],"wp:attachment":[{"href":"https:\/\/htv-nk.de\/index.php\/wp-json\/wp\/v2\/media?parent=21"}],"curies":[{"name":"wp","href":"https:\/\/api.w.org\/{rel}","templated":true}]}}