{"id":190,"date":"2020-08-04T23:14:57","date_gmt":"2020-08-04T21:14:57","guid":{"rendered":"http:\/\/htv-nk.de\/wordpress\/?page_id=190"},"modified":"2026-04-03T16:45:03","modified_gmt":"2026-04-03T14:45:03","slug":"singgruppe","status":"publish","type":"page","link":"https:\/\/htv-nk.de\/index.php\/singgruppe\/","title":{"rendered":"Singgruppe Bahnhof Neunkirchen"},"content":{"rendered":"\n<p>Die Sing-Gruppe des Heimat- und Trachtenvereins Neunkirchen am Brand e.V. wurde im Jahre 1982 gegr\u00fcndet. Die damalige Leitung \u00fcbernahm Herr Hans Braun.<br>1992 \u00fcbergab er an Herrn Hans Stamm. Von 1996 bis 2025 hatte Herr Otto Rehm die Leitung der Sing-Gruppe inne, bis er sie im Fr\u00fchjahr 2025 an Harry Roth \u00fcbergab.<br>Im Dezember 2025 wurde die Bezeichnung &#8222;Sing-Gruppe&#8220; auf <br>&#8222;Singgruppe Bahnhof Neunkirchen&#8220; ge\u00e4ndert.<\/p>\n\n\n<div class=\"wp-block-image\">\n<figure class=\"aligncenter size-full is-resized\"><img loading=\"lazy\" decoding=\"async\" width=\"723\" height=\"489\" src=\"https:\/\/htv-nk.de\/wp-content\/uploads\/2025\/12\/Singgruppe.jpg\" alt=\"\" class=\"wp-image-700\" style=\"aspect-ratio:1.4785402302999675;width:298px;height:auto\" srcset=\"https:\/\/htv-nk.de\/wp-content\/uploads\/2025\/12\/Singgruppe.jpg 723w, https:\/\/htv-nk.de\/wp-content\/uploads\/2025\/12\/Singgruppe-300x203.jpg 300w\" sizes=\"auto, (max-width: 723px) 100vw, 723px\" \/><\/figure>\n<\/div>\n\n\n<p>In unserem Repertoire verf\u00fcgen wir \u00fcber ein umfangreiches Liedgut<br>f\u00fcr verschiedene Anl\u00e4sse des gesamten Jahres.<br>Unser Jahr beginnt am 6. Januar mit dem Drei-K\u00f6nigs-Singen im&nbsp;\u201cAlten Bahnhof\u201d. <br>Au\u00dferdem haben wir \u00fcber das Jahr verteilt verschiedene Auftritte, wie z.B. bei Seniorennachmittagen, Maiandachten, Messen und vielem mehr.<br>Den Abschluss des Jahres bildet das Weihnachtssingen der Sing-Gruppe.<\/p>\n\n\n\n<hr class=\"wp-block-separator has-css-opacity\"\/>\n\n\n\n<div class=\"wp-block-group\"><div class=\"wp-block-group__inner-container is-layout-flow wp-block-group-is-layout-flow\">\n<p class=\"has-text-align-center\"><strong><span class=\"uppercase\">UNTER DEM mOTTO &#8222;G&#8217;SCHEIT G&#8217;SUNGA UND G&#8217;LACHT&#8220; FINDET UNSERE Singprobe an jedem ersten Dienstag im Monat<br>um 19.00 Uhr im&nbsp;\u201cAlten Bahnhof\u201d statt.<\/span><\/strong><\/p>\n\n\n\n<p class=\"has-text-align-center\"><strong>\u00c4nderungen werden auf der Website bekannt gegeben<\/strong><\/p>\n\n\n\n<hr class=\"wp-block-separator has-css-opacity\"\/>\n\n\n\n<div class=\"wp-block-group\"><div class=\"wp-block-group__inner-container is-layout-flow wp-block-group-is-layout-flow\">\n<p>Wir laden alle mit Interesse und Lust am Singen &#8211; gerne auch Nichtmitglieder &#8211; herzlich dazu ein, einfach einmal unverbindlich zur Probe bei uns vorbei zu schauen.<\/p>\n<\/div><\/div>\n<\/div><\/div>\n\n\n\n<p>N\u00e4here Informationen k\u00f6nnen Sie unter nachstehenden Telefonnummern erfragen:<\/p>\n\n\n\n<div class=\"wp-block-columns is-layout-flex wp-container-core-columns-is-layout-9d6595d7 wp-block-columns-is-layout-flex\">\n<div class=\"wp-block-column is-layout-flow wp-block-column-is-layout-flow\">\n<p><strong>Anita Heidig<\/strong><\/p>\n\n\n\n<p>01 74 &#8211; 6 81 26 53<\/p>\n<\/div>\n\n\n\n<div class=\"wp-block-column is-layout-flow wp-block-column-is-layout-flow\">\n<p><strong>Harry Roth<\/strong><\/p>\n\n\n\n<p>01 70 &#8211; 2 41 73 26<\/p>\n<\/div>\n<\/div>\n","protected":false},"excerpt":{"rendered":"<p>Die Sing-Gruppe des Heimat- und Trachtenvereins Neunkirchen am Brand e.V. wurde im Jahre 1982 gegr\u00fcndet. Die damalige Leitung \u00fcbernahm Herr&hellip;<\/p>\n","protected":false},"author":2,"featured_media":0,"parent":0,"menu_order":0,"comment_status":"closed","ping_status":"closed","template":"","meta":{"_editorskit_title_hidden":false,"_editorskit_reading_time":1,"_editorskit_is_block_options_detached":false,"_editorskit_block_options_position":"{}","_uag_custom_page_level_css":"","_EventAllDay":false,"_EventTimezone":"","_EventStartDate":"","_EventEndDate":"","_EventStartDateUTC":"","_EventEndDateUTC":"","_EventShowMap":false,"_EventShowMapLink":false,"_EventURL":"","_EventCost":"","_EventCostDescription":"","_EventCurrencySymbol":"","_EventCurrencyCode":"","_EventCurrencyPosition":"","_EventDateTimeSeparator":"","_EventTimeRangeSeparator":"","_EventOrganizerID":[],"_EventVenueID":[0],"_OrganizerEmail":"","_OrganizerPhone":"","_OrganizerWebsite":"","_VenueAddress":"","_VenueCity":"","_VenueCountry":"","_VenueProvince":"","_VenueState":"","_VenueZip":"","_VenuePhone":"","_VenueURL":"","_VenueStateProvince":"","_VenueLat":"","_VenueLng":"","_VenueShowMap":false,"_VenueShowMapLink":false,"footnotes":""},"class_list":["post-190","page","type-page","status-publish","hentry"],"uagb_featured_image_src":{"full":false,"thumbnail":false,"medium":false,"medium_large":false,"large":false,"1536x1536":false,"2048x2048":false,"primer-featured":false,"primer-hero":false},"uagb_author_info":{"display_name":"","author_link":"https:\/\/htv-nk.de\/index.php\/author\/"},"uagb_comment_info":0,"uagb_excerpt":"Die Sing-Gruppe des Heimat- und Trachtenvereins Neunkirchen am Brand e.V. wurde im Jahre 1982 gegr\u00fcndet. Die damalige Leitung \u00fcbernahm Herr&hellip;","_links":{"self":[{"href":"https:\/\/htv-nk.de\/index.php\/wp-json\/wp\/v2\/pages\/190","targetHints":{"allow":["GET"]}}],"collection":[{"href":"https:\/\/htv-nk.de\/index.php\/wp-json\/wp\/v2\/pages"}],"about":[{"href":"https:\/\/htv-nk.de\/index.php\/wp-json\/wp\/v2\/types\/page"}],"author":[{"embeddable":true,"href":"https:\/\/htv-nk.de\/index.php\/wp-json\/wp\/v2\/users\/2"}],"replies":[{"embeddable":true,"href":"https:\/\/htv-nk.de\/index.php\/wp-json\/wp\/v2\/comments?post=190"}],"version-history":[{"count":13,"href":"https:\/\/htv-nk.de\/index.php\/wp-json\/wp\/v2\/pages\/190\/revisions"}],"predecessor-version":[{"id":731,"href":"https:\/\/htv-nk.de\/index.php\/wp-json\/wp\/v2\/pages\/190\/revisions\/731"}],"wp:attachment":[{"href":"https:\/\/htv-nk.de\/index.php\/wp-json\/wp\/v2\/media?parent=190"}],"curies":[{"name":"wp","href":"https:\/\/api.w.org\/{rel}","templated":true}]}}